{"id":1414,"date":"2024-10-01T17:24:57","date_gmt":"2024-10-01T16:24:57","guid":{"rendered":"https:\/\/dev.edc.ma\/?page_id=1414"},"modified":"2026-03-04T11:58:56","modified_gmt":"2026-03-04T10:58:56","slug":"reseau-aefe","status":"publish","type":"page","link":"https:\/\/www.edc.ma\/fr\/reseau-aefe\/","title":{"rendered":"R\u00e9seau AEFE"},"content":{"rendered":"<div class=\"wpb-content-wrapper\">[vc_row][vc_column css=&#8221;.vc_custom_1747307722652{margin-top: 50px !important;margin-bottom: 50px !important;padding-top: 15px !important;padding-bottom: 15px !important;}&#8221;][vc_custom_heading source=&#8221;post_title&#8221; font_container=&#8221;tag:h3|text_align:center&#8221; use_theme_fonts=&#8221;yes&#8221; el_class=&#8221;wow fadeInUp&#8221;][\/vc_column][\/vc_row][vc_section full_width=&#8221;stretch_row&#8221; css=&#8221;.vc_custom_1747303066457{background-image: url(https:\/\/www.edc.ma\/wp-content\/uploads\/2024\/10\/bg-leon-alpha.jpg?id=1852) !important;background-position: center !important;background-repeat: no-repeat !important;background-size: cover !important;}&#8221; el_class=&#8221;bg-fixed&#8221;][vc_row][vc_column][vc_row_inner el_class=&#8221;bannerReseau&#8221;][vc_column_inner][vc_empty_space height=&#8221;50px&#8221;][vc_single_image image=&#8221;1837&#8243; img_size=&#8221;250&#8243; alignment=&#8221;center&#8221; css_animation=&#8221;fadeIn&#8221; el_class=&#8221;logoReseau&#8221;][vc_empty_space height=&#8221;50px&#8221;][\/vc_column_inner][\/vc_row_inner][\/vc_column][\/vc_row][vc_row full_width=&#8221;stretch_row&#8221; el_class=&#8221;content-wrapper&#8221; css=&#8221;.vc_custom_1747303047877{background-color: rgba(10,84,169,0.75) !important;*background-color: rgb(10,84,169) !important;}&#8221;][vc_column][vc_row_inner][vc_column_inner][vc_column_text css=&#8221;.vc_custom_1747307796794{margin-bottom: 0px !important;}&#8221; el_class=&#8221;text-white&#8221;]\r\n<h5>L\u00e9on l\u2019Africain \u2013 Un voyage \u00e9ducatif par l\u2019exp\u00e9rience vers l\u2019excellence<\/h5>\r\nLe r\u00e9seau d\u2019\u00e9coles priv\u00e9es fran\u00e7aises L\u00e9on l\u2019Africain incarne une vision \u00e9ducative r\u00e9solue, ax\u00e9e sur la formation de citoyens autonomes, \u00e9clair\u00e9s, cultiv\u00e9s, respectueux et responsables. Notre approche p\u00e9dagogique, homologu\u00e9e AEFE, s\u2019appuie sur des programmes d\u2019enseignement rigoureux et une attention individuelle \u00e0 chaque \u00e9l\u00e8ve. Depuis la maternelle jusqu\u2019au lyc\u00e9e, nous visons \u00e0 favoriser la curiosit\u00e9 intellectuelle, la cr\u00e9ativit\u00e9 et le sens des responsabilit\u00e9s.\r\n\r\nCapitalisant sur notre \u00e9tablissement historique de Casablanca \u2013 Bourgogne, le r\u00e9seau L\u00e9on l\u2019Africain est pleine expansion et a ouvert \u00e0 Rabat en septembre 2022 puis \u00e0 Domaines d\u2019Anfa \u2013 Casablanca \u00e0 la rentr\u00e9e 2023.\r\n\r\nL\u00e9on l\u2019Africain, c\u2019est aussi un r\u00e9seau ouvert sur le monde, o\u00f9 la diversit\u00e9 culturelle et linguistique est c\u00e9l\u00e9br\u00e9e. Nos cycles \u00e9ducatifs sont con\u00e7us pour pr\u00e9parer nos \u00e9l\u00e8ves \u00e0 r\u00e9ussir acad\u00e9miquement tout en d\u00e9veloppant des comp\u00e9tences essentielles pour leur avenir.\r\n\r\n[\/vc_column_text][\/vc_column_inner][\/vc_row_inner][vc_row_inner content_placement=&#8221;middle&#8221;][vc_column_inner width=&#8221;1\/2&#8243;]<span id=\"creative-link-wrap-7398\" class=\"ult_main_cl ult-adjust-bottom-margin  \" >\n\t \t\t\t<span class=\"  ult_crlink\" >\n\t\t\t\t\t<a  data-ultimate-target='#creative-link-wrap-7398 .ult_colorlink'  data-responsive-json-new='{\"font-size\":\"\",\"line-height\":\"\"}'  href=\"http:\/\/www.leonafricain.ma\" target=\"_blank\" rel=\"noopener\"  class=\"ult_colorlink ult-responsive \" style=\"float:left;font-weight:bold; \"  data-textcolor=\"#ffffff\" data-texthover=\"#f9f9f9\"data-style=\"\">\n\t\t\t\t\t\t\n\t\t\t\t\t\t<span data-hover=\"www.leonafricain.ma\" style=\"color:#ffffff;;;\" class=\"ult_btn10_span   \">www.leonafricain.ma<\/span>\n\t\t\t\t\t\t\n\t\t\t\t\t<\/a>\n\t\t\t\t<\/span>\n\t\t\t<\/span>[\/vc_column_inner][vc_column_inner width=&#8221;1\/2&#8243;]<div class=\" vc_custom_1772621930101 ubtn-ctn-right \"><a class=\"ubtn-link ult-adjust-bottom-margin ubtn-right ubtn-small \" href=\"https:\/\/www.leonafricain.ma\/contact\/\" title=\"Contact\" ><button type=\"button\" id=\"ubtn-9386\"  class=\"ubtn ult-adjust-bottom-margin ult-responsive ubtn-small ubtn-fade-bg  none  ubtn-right   tooltip-69fb4eb65ae29\"  data-hover=\"\" data-border-color=\"\" data-bg=\"#b78900\" data-hover-bg=\"#b79c00\" data-border-hover=\"\" data-shadow-hover=\"\" data-shadow-click=\"none\" data-shadow=\"\" data-shd-shadow=\"\"  data-ultimate-target='#ubtn-9386'  data-responsive-json-new='{\"font-size\":\"desktop:16px;\",\"line-height\":\"\"}'  style=\"font-weight:bold;border:none;background: #b78900;color: #ffffff;\"><span class=\"ubtn-hover\" style=\"background-color:#b79c00\"><\/span><span class=\"ubtn-data ubtn-text \" >Contact<\/span><\/button><\/a><\/div>[\/vc_column_inner][\/vc_row_inner][\/vc_column][\/vc_row][\/vc_section][vc_row][vc_column css=&#8221;.vc_custom_1747306366335{margin-top: 25px !important;}&#8221;][vc_images_carousel images=&#8221;1852,1853,1854,1856,1764,1757,1756,1760,1767&#8243; img_size=&#8221;full&#8221; speed=&#8221;3000&#8243; slides_per_view=&#8221;3&#8243; autoplay=&#8221;yes&#8221; hide_pagination_control=&#8221;yes&#8221; partial_view=&#8221;yes&#8221; wrap=&#8221;yes&#8221; css=&#8221;&#8221; el_class=&#8221;image-slider&#8221;][\/vc_column][\/vc_row][vc_row][vc_column][vc_column_text]\r\n\r\n[\/vc_column_text][\/vc_column][\/vc_row]<!-- \/wp:post-content --><\/div>","protected":false},"excerpt":{"rendered":"<p>[vc_row][vc_column css=&#8221;.vc_custom_1747307722652{margin-top: 50px !important;margin-bottom: 50px !important;padding-top: 15px !important;padding-bottom: 15px !important;}&#8221;][vc_custom_heading source=&#8221;post_title&#8221; font_container=&#8221;tag:h3|text_align:center&#8221; use_theme_fonts=&#8221;yes&#8221; el_class=&#8221;wow fadeInUp&#8221;][\/vc_column][\/vc_row][vc_section full_width=&#8221;stretch_row&#8221; css=&#8221;.vc_custom_1747303066457{background-image: url(https:\/\/www.edc.ma\/wp-content\/uploads\/2024\/10\/bg-leon-alpha.jpg?id=1852) !important;background-position: center !important;background-repeat: no-repeat !important;background-size: cover !important;}&#8221; el_class=&#8221;bg-fixed&#8221;][vc_row][vc_column][vc_row_inner el_class=&#8221;bannerReseau&#8221;][vc_column_inner][vc_empty_space height=&#8221;50px&#8221;][vc_single_image image=&#8221;1837&#8243; img_size=&#8221;250&#8243; alignment=&#8221;center&#8221; css_animation=&#8221;fadeIn&#8221; el_class=&#8221;logoReseau&#8221;][vc_empty_space height=&#8221;50px&#8221;][\/vc_column_inner][\/vc_row_inner][\/vc_column][\/vc_row][vc_row full_width=&#8221;stretch_row&#8221; el_class=&#8221;content-wrapper&#8221; css=&#8221;.vc_custom_1747303047877{background-color: rgba(10,84,169,0.75) !important;*background-color: rgb(10,84,169) !important;}&#8221;][vc_column][vc_row_inner][vc_column_inner][vc_column_text css=&#8221;.vc_custom_1747307796794{margin-bottom: 0px !important;}&#8221; el_class=&#8221;text-white&#8221;] L\u00e9on l\u2019Africain \u2013 Un voyage \u00e9ducatif par l\u2019exp\u00e9rience vers l\u2019excellence <\/p>\n<p><a class=\"btn btn-secondary understrap-read-more-link\" href=\"https:\/\/www.edc.ma\/fr\/reseau-aefe\/\">En savoir plus<span class=\"screen-reader-text\"> from R\u00e9seau AEFE<\/span><\/a><\/p>\n","protected":false},"author":3,"featured_media":0,"parent":0,"menu_order":0,"comment_status":"closed","ping_status":"closed","template":"page-reseaux.php","meta":{"_acf_changed":false,"footnotes":""},"class_list":["post-1414","page","type-page","status-publish","hentry"],"acf":[],"aioseo_notices":[],"jetpack_sharing_enabled":true,"_links":{"self":[{"href":"https:\/\/www.edc.ma\/fr\/wp-json\/wp\/v2\/pages\/1414","targetHints":{"allow":["GET"]}}],"collection":[{"href":"https:\/\/www.edc.ma\/fr\/wp-json\/wp\/v2\/pages"}],"about":[{"href":"https:\/\/www.edc.ma\/fr\/wp-json\/wp\/v2\/types\/page"}],"author":[{"embeddable":true,"href":"https:\/\/www.edc.ma\/fr\/wp-json\/wp\/v2\/users\/3"}],"replies":[{"embeddable":true,"href":"https:\/\/www.edc.ma\/fr\/wp-json\/wp\/v2\/comments?post=1414"}],"version-history":[{"count":1,"href":"https:\/\/www.edc.ma\/fr\/wp-json\/wp\/v2\/pages\/1414\/revisions"}],"predecessor-version":[{"id":2352,"href":"https:\/\/www.edc.ma\/fr\/wp-json\/wp\/v2\/pages\/1414\/revisions\/2352"}],"wp:attachment":[{"href":"https:\/\/www.edc.ma\/fr\/wp-json\/wp\/v2\/media?parent=1414"}],"curies":[{"name":"wp","href":"https:\/\/api.w.org\/{rel}","templated":true}]}}