{"id":1423,"date":"2024-10-01T17:50:36","date_gmt":"2024-10-01T16:50:36","guid":{"rendered":"https:\/\/dev.edc.ma\/?page_id=1423"},"modified":"2026-03-04T12:07:12","modified_gmt":"2026-03-04T11:07:12","slug":"reseau-trilingue","status":"publish","type":"page","link":"https:\/\/www.edc.ma\/fr\/reseau-trilingue\/","title":{"rendered":"R\u00e9seau Trilingue"},"content":{"rendered":"<div class=\"wpb-content-wrapper\"><p>[vc_row][vc_column css=&#8221;.vc_custom_1747307722652{margin-top: 50px !important;margin-bottom: 50px !important;padding-top: 15px !important;padding-bottom: 15px !important;}&#8221;][vc_custom_heading source=&#8221;post_title&#8221; font_container=&#8221;tag:h3|text_align:center&#8221; use_theme_fonts=&#8221;yes&#8221; el_class=&#8221;wow fadeInUp&#8221;][\/vc_column][\/vc_row][vc_section full_width=&#8221;stretch_row&#8221; css=&#8221;.vc_custom_1747307979706{background-image: url(https:\/\/www.edc.ma\/wp-content\/uploads\/2025\/05\/elbilia-international-facade.jpg?id=2038) !important;background-position: center !important;background-repeat: no-repeat !important;background-size: cover !important;}&#8221; el_class=&#8221;bg-fixed&#8221;][vc_row][vc_column][vc_row_inner el_class=&#8221;bannerReseau&#8221;][vc_column_inner][vc_empty_space height=&#8221;50px&#8221;][vc_single_image image=&#8221;2036&#8243; img_size=&#8221;medium&#8221; alignment=&#8221;center&#8221; css_animation=&#8221;fadeIn&#8221; css=&#8221;&#8221; el_class=&#8221;logoReseau&#8221;][vc_empty_space height=&#8221;50px&#8221;][\/vc_column_inner][\/vc_row_inner][\/vc_column][\/vc_row][vc_row full_width=&#8221;stretch_row&#8221; el_class=&#8221;content-wrapper&#8221; css=&#8221;.vc_custom_1747303047877{background-color: rgba(10,84,169,0.75) !important;*background-color: rgb(10,84,169) !important;}&#8221;][vc_column][vc_row_inner][vc_column_inner][vc_column_text css=&#8221;.vc_custom_1772622403422{margin-bottom: 0px !important;}&#8221; el_class=&#8221;text-white&#8221;]<\/p>\n<h5>Elbilia International \u2013 Accompagner les g\u00e9n\u00e9rations futures<\/h5>\n<p>Fond\u00e9e en 1966, Elbilia a toujours adopt\u00e9 une politique \u00e9ducative ax\u00e9e sur la rigueur, le professionnalisme et la qu\u00eate constante de l\u2019excellence. Gr\u00e2ce \u00e0 des approches et des pratiques p\u00e9dagogiques innovantes, notre \u00e9tablissement est devenu une r\u00e9f\u00e9rence au Maroc en termes de r\u00e9ussite aux examens nationaux du Baccalaur\u00e9at et de mentions obtenues par nos \u00e9l\u00e8ves.<\/p>\n<p>Par la suite, nous sommes devenus Elbilia International, renfor\u00e7ant ainsi notre engagement envers l\u2019excellence tout en continuant notre politique novatrice de d\u00e9veloppement qualitatif et d\u2019ouverture \u00e0 l\u2019international. Nos \u00e9tablissements de Casablanca \u2013 Bourgogne et Bouskoura, de Rabat et de Marrakech ont pour ambition d\u2019\u00eatre \u00e0 la pointe de l\u2019innovation \u00e9ducative en instaurant un mod\u00e8le d\u2019\u00e9cole tourn\u00e9e vers le monde, afin de former des apprenants altruistes et conscients des enjeux internationaux, tout en cultivant une fiert\u00e9 profonde pour leur identit\u00e9 culturelle.<\/p>\n<p style=\"font-weight: 400;\">Actuellement, Elbilia International Casablanca et Marrakech sont des \u00e9tablissements autoris\u00e9s \u00e0 proposer le Programme d\u2019<strong>\u00c9ducation Interm\u00e9diaire (PEI)<\/strong>\u00a0du\u00a0<strong>Baccalaur\u00e9at International (IB<\/strong>). Les \u00e9coles du monde de l\u2019IB partagent une m\u00eame philosophie : un engagement envers une \u00e9ducation internationale stimulante et de grande qualit\u00e9, que nous consid\u00e9rons comme importante pour nos \u00e9l\u00e8ves.<\/p>\n<p style=\"font-weight: 400;\">Et\u00a0parce que EDC est convaincu qu\u2019une \u00e9cole responsable est une \u00e9cole qui se mesure, s\u2019ajuste et s\u2019am\u00e9liore continuellement, celui-ci a r\u00e9cemment mis en place un syst\u00e8me p\u00e9dagogique novateur, structur\u00e9 et durable pour les \u00e9tablissements Elbilia.<\/p>\n<p style=\"font-weight: 400;\">Ce dernier repose sur trois piliers fondamentaux avec un syst\u00e8me d\u2019\u00e9valuation rigoureux :<\/p>\n<ul>\n<li style=\"font-weight: 400;\">La qualit\u00e9 du pilotage p\u00e9dagogique<\/li>\n<li style=\"font-weight: 400;\">La qualit\u00e9 de l\u2019enseignement<\/li>\n<li style=\"font-weight: 400;\">La qualit\u00e9 globale de l\u2019\u00e9cole<\/li>\n<\/ul>\n<p style=\"font-weight: 400;\">Ce mod\u00e8le p\u00e9dagogique novateur de EDC repr\u00e9sente\u00a0<strong>une premi\u00e8re au Maroc<\/strong>\u00a0et se veut un mod\u00e8le pour la r\u00e9gion. Il propose une approche codifi\u00e9e avec l\u2019\u00e9l\u00e8ve au centre de nos pr\u00e9occupations, un syst\u00e8me durable fond\u00e9 sur des r\u00e9f\u00e9rences internationales \u00e9prouv\u00e9es et place l\u2019excellence au sein de tous les \u00e9tablissements Elbilia et dans toutes les classes.<\/p>\n<p style=\"font-weight: 400;\"><strong>Nos points forts<\/strong><\/p>\n<ul>\n<li style=\"font-weight: 400;\">Elbilia International propose un curriculum trilingue d\u00e8s la maternelle, visant une ma\u00eetrise parfaite de l\u2019arabe, du fran\u00e7ais et de l\u2019anglais, gr\u00e2ce \u00e0 une approche linguistique ambitieuse.<\/li>\n<li style=\"font-weight: 400;\">Elbilia International vise l\u2019excellence acad\u00e9mique\u00a0dans tous les domaines et en particulier\u00a0dans les domaines scientifiques et num\u00e9riques.<\/li>\n<li style=\"font-weight: 400;\">Le programme d\u2019Elbilia International est enrichi par des projets permettant le d\u00e9veloppement de la sensibilit\u00e9 internationale et des comp\u00e9tences transversales (soft skills) des \u00e9l\u00e8ves.<\/li>\n<\/ul>\n<p>[\/vc_column_text][\/vc_column_inner][\/vc_row_inner][vc_row_inner content_placement=&#8221;middle&#8221;][vc_column_inner width=&#8221;1\/2&#8243;]<span id=\"creative-link-wrap-2666\" class=\"ult_main_cl ult-adjust-bottom-margin  \" >\n\t \t\t\t<span class=\"  ult_crlink\" >\n\t\t\t\t\t<a  data-ultimate-target='#creative-link-wrap-2666 .ult_colorlink'  data-responsive-json-new='{\"font-size\":\"\",\"line-height\":\"\"}'  href=\"http:\/\/www.elbiliainternational.ma\" target=\"_blank\" rel=\"noopener\"  class=\"ult_colorlink ult-responsive \" style=\"float:left;font-weight:bold; \"  data-textcolor=\"#ffffff\" data-texthover=\"#f9f9f9\"data-style=\"\">\n\t\t\t\t\t\t\n\t\t\t\t\t\t<span data-hover=\"www.elbiliainternational.ma\" style=\"color:#ffffff;;;\" class=\"ult_btn10_span   \">www.elbiliainternational.ma<\/span>\n\t\t\t\t\t\t\n\t\t\t\t\t<\/a>\n\t\t\t\t<\/span>\n\t\t\t<\/span>[\/vc_column_inner][vc_column_inner width=&#8221;1\/2&#8243;]<div class=\" vc_custom_1772622021344 ubtn-ctn-right \"><a class=\"ubtn-link ult-adjust-bottom-margin ubtn-right ubtn-small \" href=\"https:\/\/www.elbiliainternational.ma\/contact\/\" title=\"Contact\" target=\"_blank\" rel=\"noopener\" ><button type=\"button\" id=\"ubtn-7531\"  class=\"ubtn ult-adjust-bottom-margin ult-responsive ubtn-small ubtn-fade-bg  none  ubtn-right   tooltip-69fb4e417b53b\"  data-hover=\"\" data-border-color=\"\" data-bg=\"#b78900\" data-hover-bg=\"#b79c00\" data-border-hover=\"\" data-shadow-hover=\"\" data-shadow-click=\"none\" data-shadow=\"\" data-shd-shadow=\"\"  data-ultimate-target='#ubtn-7531'  data-responsive-json-new='{\"font-size\":\"desktop:16px;\",\"line-height\":\"\"}'  style=\"font-weight:bold;border:none;background: #b78900;color: #ffffff;\"><span class=\"ubtn-hover\" style=\"background-color:#b79c00\"><\/span><span class=\"ubtn-data ubtn-text \" >Contact<\/span><\/button><\/a><\/div>[\/vc_column_inner][\/vc_row_inner][\/vc_column][\/vc_row][\/vc_section][vc_row][vc_column css=&#8221;.vc_custom_1747306366335{margin-top: 25px !important;}&#8221;][vc_images_carousel images=&#8221;1767,1768,1766,1769,1826,1932,1934,1930&#8243; img_size=&#8221;full&#8221; speed=&#8221;3000&#8243; slides_per_view=&#8221;3&#8243; autoplay=&#8221;yes&#8221; hide_pagination_control=&#8221;yes&#8221; partial_view=&#8221;yes&#8221; wrap=&#8221;yes&#8221; css=&#8221;&#8221; el_class=&#8221;image-slider&#8221;][\/vc_column][\/vc_row][vc_section full_width=&#8221;stretch_row&#8221; css=&#8221;.vc_custom_1747308391850{background-image: url(https:\/\/www.edc.ma\/wp-content\/uploads\/2024\/10\/MKR02721-2-copy-1.webp?id=1836) !important;background-position: center !important;background-repeat: no-repeat !important;background-size: cover !important;}&#8221; el_class=&#8221;bg-fixed&#8221;][vc_row][vc_column][vc_row_inner el_class=&#8221;bannerReseau&#8221;][vc_column_inner][vc_empty_space height=&#8221;50px&#8221;][vc_single_image image=&#8221;1828&#8243; img_size=&#8221;medium&#8221; alignment=&#8221;center&#8221; css_animation=&#8221;fadeIn&#8221; css=&#8221;&#8221; el_class=&#8221;logoReseau&#8221;][vc_empty_space height=&#8221;50px&#8221;][\/vc_column_inner][\/vc_row_inner][\/vc_column][\/vc_row][vc_row full_width=&#8221;stretch_row&#8221; el_class=&#8221;content-wrapper&#8221; css=&#8221;.vc_custom_1747303047877{background-color: rgba(10,84,169,0.75) !important;*background-color: rgb(10,84,169) !important;}&#8221;][vc_column][vc_row_inner][vc_column_inner][vc_column_text css=&#8221;.vc_custom_1747308278896{margin-bottom: 0px !important;}&#8221; el_class=&#8221;text-white&#8221;]<\/p>\n<h5>Loppsi cr\u00e8che maternelle by Elbilia International<\/h5>\n<p>\u00c0 la maternelle Loppsi, nous adoptons une approche \u00e9ducative compl\u00e8te en combinant la p\u00e9dagogie finlandaise avec des m\u00e9thodes innovantes, le tout dans un environnement qui favorise le bien-\u00eatre global de chaque enfant. Notre environnement trilingue, o\u00f9 l\u2019arabe, le fran\u00e7ais et l\u2019anglais sont utilis\u00e9s, enrichit l\u2019exp\u00e9rience \u00e9ducative, pr\u00e9parant ainsi les enfants \u00e0 s\u2019\u00e9panouir dans un monde diversifi\u00e9. Toutes nos \u00e9ducatrices sont form\u00e9es \u00e0 l\u2019approche p\u00e9dagogique d\u00e9velopp\u00e9e en Finlande par notre partenaire HEI Schools.<\/p>\n<p>[\/vc_column_text][\/vc_column_inner][\/vc_row_inner][vc_row_inner content_placement=&#8221;middle&#8221;][vc_column_inner width=&#8221;1\/2&#8243;]<span id=\"creative-link-wrap-2044\" class=\"ult_main_cl ult-adjust-bottom-margin  \" >\n\t \t\t\t<span class=\"  ult_crlink\" >\n\t\t\t\t\t<a  data-ultimate-target='#creative-link-wrap-2044 .ult_colorlink'  data-responsive-json-new='{\"font-size\":\"\",\"line-height\":\"\"}'  href=\"http:\/\/www.loppsi.ma\" target=\"_blank\" rel=\"noopener\"  class=\"ult_colorlink ult-responsive \" style=\"float:left;font-weight:bold; \"  data-textcolor=\"#ffffff\" data-texthover=\"#f9f9f9\"data-style=\"\">\n\t\t\t\t\t\t\n\t\t\t\t\t\t<span data-hover=\"www.loppsi.ma\" style=\"color:#ffffff;;;\" class=\"ult_btn10_span   \">www.loppsi.ma<\/span>\n\t\t\t\t\t\t\n\t\t\t\t\t<\/a>\n\t\t\t\t<\/span>\n\t\t\t<\/span>[\/vc_column_inner][vc_column_inner width=&#8221;1\/2&#8243;]<div class=\" vc_custom_1772622043636 ubtn-ctn-right \"><a class=\"ubtn-link ult-adjust-bottom-margin ubtn-right ubtn-small \" href=\"https:\/\/www.loppsi.ma\/#contact\" title=\"Contact\" target=\"_blank\" rel=\"noopener\" ><button type=\"button\" id=\"ubtn-7190\"  class=\"ubtn ult-adjust-bottom-margin ult-responsive ubtn-small ubtn-fade-bg  none  ubtn-right   tooltip-69fb4e417b619\"  data-hover=\"\" data-border-color=\"\" data-bg=\"#b78900\" data-hover-bg=\"#b79c00\" data-border-hover=\"\" data-shadow-hover=\"\" data-shadow-click=\"none\" data-shadow=\"\" data-shd-shadow=\"\"  data-ultimate-target='#ubtn-7190'  data-responsive-json-new='{\"font-size\":\"desktop:16px;\",\"line-height\":\"\"}'  style=\"font-weight:bold;border:none;background: #b78900;color: #ffffff;\"><span class=\"ubtn-hover\" style=\"background-color:#b79c00\"><\/span><span class=\"ubtn-data ubtn-text \" >Contact<\/span><\/button><\/a><\/div>[\/vc_column_inner][\/vc_row_inner][\/vc_column][\/vc_row][\/vc_section][vc_row][vc_column css=&#8221;.vc_custom_1747306366335{margin-top: 25px !important;}&#8221;][vc_images_carousel images=&#8221;1829,1835,1834,1833,1832,1831,1830&#8243; img_size=&#8221;full&#8221; speed=&#8221;3000&#8243; slides_per_view=&#8221;3&#8243; autoplay=&#8221;yes&#8221; hide_pagination_control=&#8221;yes&#8221; partial_view=&#8221;yes&#8221; wrap=&#8221;yes&#8221; css=&#8221;&#8221; el_class=&#8221;image-slider&#8221;][\/vc_column][\/vc_row]<\/p>\n<\/div>","protected":false},"excerpt":{"rendered":"<p>[vc_row][vc_column css=&#8221;.vc_custom_1747307722652{margin-top: 50px !important;margin-bottom: 50px !important;padding-top: 15px !important;padding-bottom: 15px !important;}&#8221;][vc_custom_heading source=&#8221;post_title&#8221; font_container=&#8221;tag:h3|text_align:center&#8221; use_theme_fonts=&#8221;yes&#8221; el_class=&#8221;wow fadeInUp&#8221;][\/vc_column][\/vc_row][vc_section full_width=&#8221;stretch_row&#8221; css=&#8221;.vc_custom_1747307979706{background-image: url(https:\/\/www.edc.ma\/wp-content\/uploads\/2025\/05\/elbilia-international-facade.jpg?id=2038) !important;background-position: center !important;background-repeat: no-repeat !important;background-size: cover !important;}&#8221; el_class=&#8221;bg-fixed&#8221;][vc_row][vc_column][vc_row_inner el_class=&#8221;bannerReseau&#8221;][vc_column_inner][vc_empty_space height=&#8221;50px&#8221;][vc_single_image image=&#8221;2036&#8243; img_size=&#8221;medium&#8221; alignment=&#8221;center&#8221; css_animation=&#8221;fadeIn&#8221; css=&#8221;&#8221; el_class=&#8221;logoReseau&#8221;][vc_empty_space height=&#8221;50px&#8221;][\/vc_column_inner][\/vc_row_inner][\/vc_column][\/vc_row][vc_row full_width=&#8221;stretch_row&#8221; el_class=&#8221;content-wrapper&#8221; css=&#8221;.vc_custom_1747303047877{background-color: rgba(10,84,169,0.75) !important;*background-color: rgb(10,84,169) !important;}&#8221;][vc_column][vc_row_inner][vc_column_inner][vc_column_text css=&#8221;.vc_custom_1772622403422{margin-bottom: 0px !important;}&#8221; el_class=&#8221;text-white&#8221;] Elbilia International \u2013 Accompagner les g\u00e9n\u00e9rations futures Fond\u00e9e en <\/p>\n<p><a class=\"btn btn-secondary understrap-read-more-link\" href=\"https:\/\/www.edc.ma\/fr\/reseau-trilingue\/\">En savoir plus<span class=\"screen-reader-text\"> from R\u00e9seau Trilingue<\/span><\/a><\/p>\n","protected":false},"author":3,"featured_media":0,"parent":0,"menu_order":0,"comment_status":"closed","ping_status":"closed","template":"page-reseaux.php","meta":{"_acf_changed":false,"footnotes":""},"class_list":["post-1423","page","type-page","status-publish","hentry"],"acf":[],"aioseo_notices":[],"jetpack_sharing_enabled":true,"_links":{"self":[{"href":"https:\/\/www.edc.ma\/fr\/wp-json\/wp\/v2\/pages\/1423","targetHints":{"allow":["GET"]}}],"collection":[{"href":"https:\/\/www.edc.ma\/fr\/wp-json\/wp\/v2\/pages"}],"about":[{"href":"https:\/\/www.edc.ma\/fr\/wp-json\/wp\/v2\/types\/page"}],"author":[{"embeddable":true,"href":"https:\/\/www.edc.ma\/fr\/wp-json\/wp\/v2\/users\/3"}],"replies":[{"embeddable":true,"href":"https:\/\/www.edc.ma\/fr\/wp-json\/wp\/v2\/comments?post=1423"}],"version-history":[{"count":3,"href":"https:\/\/www.edc.ma\/fr\/wp-json\/wp\/v2\/pages\/1423\/revisions"}],"predecessor-version":[{"id":2357,"href":"https:\/\/www.edc.ma\/fr\/wp-json\/wp\/v2\/pages\/1423\/revisions\/2357"}],"wp:attachment":[{"href":"https:\/\/www.edc.ma\/fr\/wp-json\/wp\/v2\/media?parent=1423"}],"curies":[{"name":"wp","href":"https:\/\/api.w.org\/{rel}","templated":true}]}}