{"id":1427,"date":"2024-10-01T18:01:50","date_gmt":"2024-10-01T17:01:50","guid":{"rendered":"https:\/\/dev.edc.ma\/?page_id=1427"},"modified":"2026-03-04T12:09:21","modified_gmt":"2026-03-04T11:09:21","slug":"reseau-americain","status":"publish","type":"page","link":"https:\/\/www.edc.ma\/fr\/reseau-americain\/","title":{"rendered":"R\u00e9seau Am\u00e9ricain"},"content":{"rendered":"<div class=\"wpb-content-wrapper\"><p>[vc_row][vc_column css=&#8221;.vc_custom_1747307722652{margin-top: 50px !important;margin-bottom: 50px !important;padding-top: 15px !important;padding-bottom: 15px !important;}&#8221;][vc_custom_heading source=&#8221;post_title&#8221; font_container=&#8221;tag:h3|text_align:center&#8221; use_theme_fonts=&#8221;yes&#8221; el_class=&#8221;wow fadeInUp&#8221;][\/vc_column][\/vc_row][vc_section full_width=&#8221;stretch_row&#8221; css=&#8221;.vc_custom_1747318358556{background-image: url(https:\/\/www.edc.ma\/wp-content\/uploads\/2022\/07\/DSC07946-scaled.jpg?id=1816) !important;background-position: center !important;background-repeat: no-repeat !important;background-size: cover !important;}&#8221; el_class=&#8221;bg-fixed&#8221;][vc_row][vc_column][vc_row_inner el_class=&#8221;bannerReseau&#8221;][vc_column_inner][vc_empty_space height=&#8221;50px&#8221;][vc_single_image image=&#8221;1687&#8243; img_size=&#8221;large&#8221; alignment=&#8221;center&#8221; css_animation=&#8221;fadeIn&#8221; css=&#8221;&#8221; el_class=&#8221;logoReseau&#8221;][vc_empty_space height=&#8221;50px&#8221;][\/vc_column_inner][\/vc_row_inner][\/vc_column][\/vc_row][vc_row full_width=&#8221;stretch_row&#8221; el_class=&#8221;content-wrapper&#8221; css=&#8221;.vc_custom_1747303047877{background-color: rgba(10,84,169,0.75) !important;*background-color: rgb(10,84,169) !important;}&#8221;][vc_column][vc_row_inner][vc_column_inner][vc_column_text css=&#8221;.vc_custom_1772622556984{margin-bottom: 0px !important;}&#8221; el_class=&#8221;text-white&#8221;]<\/p>\n<h5>Dar Essalam American School<\/h5>\n<p style=\"font-weight: 400;\">Dar Essalam American School est une \u00e9cole internationale \u00e0 Rabat qui a ouvert ses portes \u00e0 la rentr\u00e9e scolaire 2022. L\u2019\u00e9tablissement dispense un enseignement finlandais (en maternelle) et am\u00e9ricain dont la langue d\u2019instruction principale est l\u2019anglais.<\/p>\n<p>L\u2019\u00e9tablissement propose une approche p\u00e9dagogique exclusive et innovante de la maternelle (4 ans) \u00e0 la terminale. Elle est \u00e9difi\u00e9e sur un terrain qui s\u2019\u00e9tend sur 5 hectares au centre de la capitale dans le quartier de Hay Riad.<\/p>\n<p>Dar Essalam American School est un \u00e9tablissement autoris\u00e9 \u00e0 d\u00e9livrer le Programme du Dipl\u00f4me (DP) du Baccalaur\u00e9at International (IB). Le programme IB est reconnu pour son approche rigoureuse, innovante et holistique visant \u00e0 pr\u00e9parer les \u00e9l\u00e8ves \u00e0 relever les d\u00e9fis globaux du monde de demain.<\/p>\n<p>Dar Essalam American School est le choix id\u00e9al pour les familles qui recherchent :<\/p>\n<ul>\n<li>La combinaison exceptionnelle de deux des syst\u00e8mes \u00e9ducatifs les plus performants au Monde: les mod\u00e8les Finlandais et Am\u00e9ricain.<\/li>\n<li>L\u2019innovation, la collaboration, l\u2019esprit de communaut\u00e9 et la diversit\u00e9 culturelle.<\/li>\n<li>L\u2019apprentissage bas\u00e9 sur les projets et l\u2019exp\u00e9rience comme mod\u00e8le p\u00e9dagogique fondamental.<\/li>\n<li>Un niveau de ma\u00eetrise et de compr\u00e9hension tr\u00e8s \u00e9lev\u00e9 des langues.<\/li>\n<li>L\u2019exploration des richesses de la culture et de l\u2019histoire du Maroc \u00e0 travers des exp\u00e9riences authentiques et r\u00e9elles.<\/li>\n<\/ul>\n<p>[\/vc_column_text][\/vc_column_inner][\/vc_row_inner][vc_row_inner content_placement=&#8221;middle&#8221;][vc_column_inner width=&#8221;1\/2&#8243;]<span id=\"creative-link-wrap-8272\" class=\"ult_main_cl ult-adjust-bottom-margin  \" >\n\t \t\t\t<span class=\"  ult_crlink\" >\n\t\t\t\t\t<a  data-ultimate-target='#creative-link-wrap-8272 .ult_colorlink'  data-responsive-json-new='{\"font-size\":\"\",\"line-height\":\"\"}'  href=\"http:\/\/www.das.ac.ma\" target=\"_blank\" rel=\"noopener\"  class=\"ult_colorlink ult-responsive \" style=\"float:left;font-weight:bold; \"  data-textcolor=\"#ffffff\" data-texthover=\"#f9f9f9\"data-style=\"\">\n\t\t\t\t\t\t\n\t\t\t\t\t\t<span data-hover=\"www.das.ac.ma\" style=\"color:#ffffff;;;\" class=\"ult_btn10_span   \">www.das.ac.ma<\/span>\n\t\t\t\t\t\t\n\t\t\t\t\t<\/a>\n\t\t\t\t<\/span>\n\t\t\t<\/span>[\/vc_column_inner][vc_column_inner width=&#8221;1\/2&#8243;]<div class=\" vc_custom_1772622520628 ubtn-ctn-right \"><a class=\"ubtn-link ult-adjust-bottom-margin ubtn-right ubtn-small \" href=\"https:\/\/das.ac.ma\/\" title=\"Contact\" target=\"_blank\" rel=\"noopener\" ><button type=\"button\" id=\"ubtn-9111\"  class=\"ubtn ult-adjust-bottom-margin ult-responsive ubtn-small ubtn-fade-bg  none  ubtn-right   tooltip-69fb4e94deb4b\"  data-hover=\"\" data-border-color=\"\" data-bg=\"#b78900\" data-hover-bg=\"#b79c00\" data-border-hover=\"\" data-shadow-hover=\"\" data-shadow-click=\"none\" data-shadow=\"\" data-shd-shadow=\"\"  data-ultimate-target='#ubtn-9111'  data-responsive-json-new='{\"font-size\":\"desktop:16px;\",\"line-height\":\"\"}'  style=\"font-weight:bold;border:none;background: #b78900;color: #ffffff;\"><span class=\"ubtn-hover\" style=\"background-color:#b79c00\"><\/span><span class=\"ubtn-data ubtn-text \" >Contact<\/span><\/button><\/a><\/div>[\/vc_column_inner][\/vc_row_inner][\/vc_column][\/vc_row][\/vc_section][vc_row][vc_column css=&#8221;.vc_custom_1747306366335{margin-top: 25px !important;}&#8221;][vc_images_carousel images=&#8221;1825,1817,1841,1843,2112,2114,2116,2118,2120&#8243; img_size=&#8221;full&#8221; speed=&#8221;3000&#8243; slides_per_view=&#8221;3&#8243; autoplay=&#8221;yes&#8221; hide_pagination_control=&#8221;yes&#8221; partial_view=&#8221;yes&#8221; wrap=&#8221;yes&#8221; css=&#8221;&#8221; el_class=&#8221;image-slider&#8221;][\/vc_column][\/vc_row]<\/p>\n<\/div>","protected":false},"excerpt":{"rendered":"<p>[vc_row][vc_column css=&#8221;.vc_custom_1747307722652{margin-top: 50px !important;margin-bottom: 50px !important;padding-top: 15px !important;padding-bottom: 15px !important;}&#8221;][vc_custom_heading source=&#8221;post_title&#8221; font_container=&#8221;tag:h3|text_align:center&#8221; use_theme_fonts=&#8221;yes&#8221; el_class=&#8221;wow fadeInUp&#8221;][\/vc_column][\/vc_row][vc_section full_width=&#8221;stretch_row&#8221; css=&#8221;.vc_custom_1747318358556{background-image: url(https:\/\/www.edc.ma\/wp-content\/uploads\/2022\/07\/DSC07946-scaled.jpg?id=1816) !important;background-position: center !important;background-repeat: no-repeat !important;background-size: cover !important;}&#8221; el_class=&#8221;bg-fixed&#8221;][vc_row][vc_column][vc_row_inner el_class=&#8221;bannerReseau&#8221;][vc_column_inner][vc_empty_space height=&#8221;50px&#8221;][vc_single_image image=&#8221;1687&#8243; img_size=&#8221;large&#8221; alignment=&#8221;center&#8221; css_animation=&#8221;fadeIn&#8221; css=&#8221;&#8221; el_class=&#8221;logoReseau&#8221;][vc_empty_space height=&#8221;50px&#8221;][\/vc_column_inner][\/vc_row_inner][\/vc_column][\/vc_row][vc_row full_width=&#8221;stretch_row&#8221; el_class=&#8221;content-wrapper&#8221; css=&#8221;.vc_custom_1747303047877{background-color: rgba(10,84,169,0.75) !important;*background-color: rgb(10,84,169) !important;}&#8221;][vc_column][vc_row_inner][vc_column_inner][vc_column_text css=&#8221;.vc_custom_1772622556984{margin-bottom: 0px !important;}&#8221; el_class=&#8221;text-white&#8221;] Dar Essalam American School Dar Essalam American School est <\/p>\n<p><a class=\"btn btn-secondary understrap-read-more-link\" href=\"https:\/\/www.edc.ma\/fr\/reseau-americain\/\">En savoir plus<span class=\"screen-reader-text\"> from R\u00e9seau Am\u00e9ricain<\/span><\/a><\/p>\n","protected":false},"author":3,"featured_media":0,"parent":0,"menu_order":0,"comment_status":"closed","ping_status":"closed","template":"page-reseaux.php","meta":{"_acf_changed":false,"footnotes":""},"class_list":["post-1427","page","type-page","status-publish","hentry"],"acf":[],"aioseo_notices":[],"jetpack_sharing_enabled":true,"_links":{"self":[{"href":"https:\/\/www.edc.ma\/fr\/wp-json\/wp\/v2\/pages\/1427","targetHints":{"allow":["GET"]}}],"collection":[{"href":"https:\/\/www.edc.ma\/fr\/wp-json\/wp\/v2\/pages"}],"about":[{"href":"https:\/\/www.edc.ma\/fr\/wp-json\/wp\/v2\/types\/page"}],"author":[{"embeddable":true,"href":"https:\/\/www.edc.ma\/fr\/wp-json\/wp\/v2\/users\/3"}],"replies":[{"embeddable":true,"href":"https:\/\/www.edc.ma\/fr\/wp-json\/wp\/v2\/comments?post=1427"}],"version-history":[{"count":1,"href":"https:\/\/www.edc.ma\/fr\/wp-json\/wp\/v2\/pages\/1427\/revisions"}],"predecessor-version":[{"id":2358,"href":"https:\/\/www.edc.ma\/fr\/wp-json\/wp\/v2\/pages\/1427\/revisions\/2358"}],"wp:attachment":[{"href":"https:\/\/www.edc.ma\/fr\/wp-json\/wp\/v2\/media?parent=1427"}],"curies":[{"name":"wp","href":"https:\/\/api.w.org\/{rel}","templated":true}]}}