{"id":1443,"date":"2024-10-01T18:17:47","date_gmt":"2024-10-01T17:17:47","guid":{"rendered":"https:\/\/dev.edc.ma\/?page_id=1443"},"modified":"2026-03-04T12:10:50","modified_gmt":"2026-03-04T11:10:50","slug":"reseau-bilingue","status":"publish","type":"page","link":"https:\/\/www.edc.ma\/fr\/reseau-bilingue\/","title":{"rendered":"R\u00e9seau Bilingue"},"content":{"rendered":"<div class=\"wpb-content-wrapper\"><p>[vc_row][vc_column css=&#8221;.vc_custom_1747307722652{margin-top: 50px !important;margin-bottom: 50px !important;padding-top: 15px !important;padding-bottom: 15px !important;}&#8221;][vc_custom_heading source=&#8221;post_title&#8221; font_container=&#8221;tag:h3|text_align:center&#8221; use_theme_fonts=&#8221;yes&#8221; el_class=&#8221;wow fadeInUp&#8221;][\/vc_column][\/vc_row][vc_section full_width=&#8221;stretch_row&#8221; css=&#8221;.vc_custom_1747323192182{background-image: url(https:\/\/www.edc.ma\/wp-content\/uploads\/2025\/05\/bgBoxSkolar.jpg?id=2053) !important;background-position: center !important;background-repeat: no-repeat !important;background-size: cover !important;}&#8221; el_class=&#8221;bg-fixed&#8221;][vc_row][vc_column][vc_row_inner el_class=&#8221;bannerReseau&#8221;][vc_column_inner][vc_empty_space height=&#8221;50px&#8221;][vc_single_image image=&#8221;2051&#8243; img_size=&#8221;medium&#8221; alignment=&#8221;center&#8221; css_animation=&#8221;fadeIn&#8221; css=&#8221;&#8221; el_class=&#8221;logoReseau&#8221;][vc_empty_space height=&#8221;50px&#8221;][\/vc_column_inner][\/vc_row_inner][\/vc_column][\/vc_row][vc_row full_width=&#8221;stretch_row&#8221; el_class=&#8221;content-wrapper&#8221; css=&#8221;.vc_custom_1747303047877{background-color: rgba(10,84,169,0.75) !important;*background-color: rgb(10,84,169) !important;}&#8221;][vc_column][vc_row_inner][vc_column_inner][vc_column_text css=&#8221;.vc_custom_1772622630462{margin-bottom: 0px !important;}&#8221; el_class=&#8221;text-white&#8221;]<\/p>\n<h5><strong>Elbilia Skolar<\/strong><\/h5>\n<p style=\"font-weight: 400;\">Fort de son expertise au service de la r\u00e9ussite des \u00e9l\u00e8ves, le Groupe \u00ab\u00a0<strong>EDC<\/strong>\u00a0\u00bb, a souhait\u00e9 renforcer son offre \u00e9ducative et intensifiant sa pr\u00e9sence\u00a0sur le territoire\u00a0marocain \u00e0 proximit\u00e9 des centres urbains ou p\u00e9riurbains.<\/p>\n<p style=\"font-weight: 400;\">C\u2019est dans cette perspective que s\u2019inscrit le r\u00e9seau \u00ab\u00a0<strong>ELBILIA SKOLAR<\/strong>\u00a0\u00bb qui traduit les objectifs de d\u00e9veloppement du groupe \u00ab EDC \u00bb sur tout le Royaume avec en septembre 2020 l\u2019ouverture de Casablanca-Lissasfa et de Tanger, suivi par l\u2019ouverture en septembre 2023 de Casablanca \u2013 Bernoussi.<\/p>\n<p style=\"font-weight: 400;\"><strong>ELBILIA SKOLAR<\/strong>\u00a0offre un cadre ambitieux, fondateur, protecteur et formateur qui permet aux enfants de se construire et de b\u00e2tir un projet \u00e9ducatif en ad\u00e9quation avec leur potentiel, leur sensibilit\u00e9, en phase avec un contexte actuel et les exigences de demain.<\/p>\n<p style=\"font-weight: 400;\">Et\u00a0parce que EDC est convaincu qu\u2019une \u00e9cole responsable est une \u00e9cole qui se mesure, s\u2019ajuste et s\u2019am\u00e9liore continuellement, celui-ci a r\u00e9cemment mis en place un syst\u00e8me p\u00e9dagogique novateur, structur\u00e9 et durable pour les \u00e9tablissements Elbilia.<\/p>\n<p style=\"font-weight: 400;\">Ce dernier repose sur trois piliers fondamentaux avec un syst\u00e8me d\u2019\u00e9valuation rigoureux :<\/p>\n<ul>\n<li style=\"font-weight: 400;\">La qualit\u00e9 du pilotage p\u00e9dagogique<\/li>\n<li style=\"font-weight: 400;\">La qualit\u00e9 de l\u2019enseignement<\/li>\n<li style=\"font-weight: 400;\">La qualit\u00e9 globale de l\u2019\u00e9cole<\/li>\n<\/ul>\n<p style=\"font-weight: 400;\">Ce mod\u00e8le p\u00e9dagogique novateur de EDC repr\u00e9sente\u00a0<strong>une premi\u00e8re au Maroc<\/strong>\u00a0et se veut un mod\u00e8le pour la r\u00e9gion. Il propose une approche codifi\u00e9e avec l\u2019\u00e9l\u00e8ve au centre de nos pr\u00e9occupations, un syst\u00e8me durable fond\u00e9 sur des r\u00e9f\u00e9rences internationales \u00e9prouv\u00e9es et place l\u2019excellence au sein de tous les \u00e9tablissements Elbilia et dans toutes les classes.<\/p>\n<p>[\/vc_column_text][\/vc_column_inner][\/vc_row_inner][vc_row_inner content_placement=&#8221;middle&#8221;][vc_column_inner width=&#8221;1\/2&#8243;]<span id=\"creative-link-wrap-7347\" class=\"ult_main_cl ult-adjust-bottom-margin  \" >\n\t \t\t\t<span class=\"  ult_crlink\" >\n\t\t\t\t\t<a  data-ultimate-target='#creative-link-wrap-7347 .ult_colorlink'  data-responsive-json-new='{\"font-size\":\"\",\"line-height\":\"\"}'  href=\"http:\/\/www.elbilia-skolar.ma\" target=\"_blank\" rel=\"noopener\"  class=\"ult_colorlink ult-responsive \" style=\"float:left;font-weight:bold; \"  data-textcolor=\"#ffffff\" data-texthover=\"#f9f9f9\"data-style=\"\">\n\t\t\t\t\t\t\n\t\t\t\t\t\t<span data-hover=\"www.elbilia-skolar.ma\" style=\"color:#ffffff;;;\" class=\"ult_btn10_span   \">www.elbilia-skolar.ma<\/span>\n\t\t\t\t\t\t\n\t\t\t\t\t<\/a>\n\t\t\t\t<\/span>\n\t\t\t<\/span>[\/vc_column_inner][vc_column_inner width=&#8221;1\/2&#8243;]<div class=\" vc_custom_1772622298657 ubtn-ctn-right \"><a class=\"ubtn-link ult-adjust-bottom-margin ubtn-right ubtn-small \" href=\"https:\/\/www.elbilia-skolar.ma\/contact\/\" title=\"Contact\" target=\"_blank\" rel=\"noopener\" ><button type=\"button\" id=\"ubtn-2296\"  class=\"ubtn ult-adjust-bottom-margin ult-responsive ubtn-small ubtn-fade-bg  none  ubtn-right   tooltip-69fb4e5678b70\"  data-hover=\"\" data-border-color=\"\" data-bg=\"#b78900\" data-hover-bg=\"#b79c00\" data-border-hover=\"\" data-shadow-hover=\"\" data-shadow-click=\"none\" data-shadow=\"\" data-shd-shadow=\"\"  data-ultimate-target='#ubtn-2296'  data-responsive-json-new='{\"font-size\":\"desktop:16px;\",\"line-height\":\"\"}'  style=\"font-weight:bold;border:none;background: #b78900;color: #ffffff;\"><span class=\"ubtn-hover\" style=\"background-color:#b79c00\"><\/span><span class=\"ubtn-data ubtn-text \" >Contact<\/span><\/button><\/a><\/div>[\/vc_column_inner][\/vc_row_inner][\/vc_column][\/vc_row][\/vc_section][vc_row][vc_column css=&#8221;.vc_custom_1747306366335{margin-top: 25px !important;}&#8221;][vc_images_carousel images=&#8221;1195,1196,1197,1198,1199,1200,1201,1203,1204,1205,1206,1207&#8243; img_size=&#8221;full&#8221; speed=&#8221;3000&#8243; slides_per_view=&#8221;3&#8243; autoplay=&#8221;yes&#8221; hide_pagination_control=&#8221;yes&#8221; partial_view=&#8221;yes&#8221; wrap=&#8221;yes&#8221; css=&#8221;&#8221; el_class=&#8221;image-slider&#8221;][\/vc_column][\/vc_row][vc_section full_width=&#8221;stretch_row&#8221; css=&#8221;.vc_custom_1747323306051{background-image: url(https:\/\/www.edc.ma\/wp-content\/uploads\/2022\/01\/160900626_223863252859539_903750367180293401_n.jpg?id=908) !important;background-position: center !important;background-repeat: no-repeat !important;background-size: cover !important;}&#8221; el_class=&#8221;bg-fixed&#8221;][vc_row][vc_column][vc_row_inner el_class=&#8221;bannerReseau&#8221;][vc_column_inner][vc_empty_space height=&#8221;50px&#8221;][vc_single_image image=&#8221;2047&#8243; img_size=&#8221;medium&#8221; alignment=&#8221;center&#8221; css_animation=&#8221;fadeIn&#8221; css=&#8221;&#8221; el_class=&#8221;logoReseau&#8221;][vc_empty_space height=&#8221;50px&#8221;][\/vc_column_inner][\/vc_row_inner][\/vc_column][\/vc_row][vc_row full_width=&#8221;stretch_row&#8221; el_class=&#8221;content-wrapper&#8221; css=&#8221;.vc_custom_1747303047877{background-color: rgba(10,84,169,0.75) !important;*background-color: rgb(10,84,169) !important;}&#8221;][vc_column][vc_row_inner][vc_column_inner][vc_column_text css=&#8221;.vc_custom_1749053019341{margin-bottom: 0px !important;}&#8221; el_class=&#8221;text-white&#8221;]<\/p>\n<h5><strong>Elbilia Management<\/strong><\/h5>\n<p>Depuis 2015, le groupe \u00ab EDC \u00bb \u00e0 travers sa filiale \u00ab Elbilia Management \u00bb g\u00e8re pour le compte de tiers des \u00e9tablissements du pr\u00e9scolaire au lyc\u00e9e dans les villes de Khouribga, El Jadida, Safi et Youssoufia.<\/p>\n<p>Les orientations strat\u00e9giques de l\u2019enseignement dans ces \u00e9tablissements scolaires se structurent autour de quatre forces :<\/p>\n<ul>\n<li>Un \u00e9tablissement vivant, centr\u00e9 sur les apprentissages et dont le dispositif p\u00e9dagogique repose sur des d\u00e9marches actives et novatrices, et qui place l\u2019\u00e9l\u00e8ve au c\u0153ur de ses pr\u00e9occupations.<\/li>\n<li>Un \u00e9tablissement ouvert, qui interagit avec son environnement proche et entretient des relations d\u2019\u00e9changes et de collaborations avec d\u2019autres partenaires du syst\u00e8me \u00e9ducatif, des acteurs associatifs ou des op\u00e9rateurs socio\u00e9conomiques.<\/li>\n<li>Un \u00e9tablissement innovant, capable de se renouveler en mobilisant ses propres ressources et celles de son environnement pour produire de nouvelles approches, d\u2019exp\u00e9rimenter de nouvelles m\u00e9thodes d\u2019apprentissage et de mener \u00e0 terme des projets en coh\u00e9rence avec les besoins de la communaut\u00e9 scolaire et sociale.<\/li>\n<li>Un \u00e9tablissement solidaire et porteur de progr\u00e8s, qui pr\u00e9conise la contractualisation comme mode de gestion et d\u2019\u00e9valuation selon des crit\u00e8res clairs, partag\u00e9s et mesurables que toutes les parties prenantes sont tenues de respecter.<\/li>\n<\/ul>\n<p>[\/vc_column_text][\/vc_column_inner][\/vc_row_inner][vc_row_inner content_placement=&#8221;middle&#8221;][vc_column_inner width=&#8221;1\/2&#8243;]<span id=\"creative-link-wrap-4054\" class=\"ult_main_cl ult-adjust-bottom-margin  \" >\n\t \t\t\t<span class=\"  ult_crlink\" >\n\t\t\t\t\t<a  data-ultimate-target='#creative-link-wrap-4054 .ult_colorlink'  data-responsive-json-new='{\"font-size\":\"\",\"line-height\":\"\"}'  href=\"http:\/\/www.elbilia-management.ma\" target=\"_blank\" rel=\"noopener\"  class=\"ult_colorlink ult-responsive \" style=\"float:left;font-weight:bold; \"  data-textcolor=\"#ffffff\" data-texthover=\"#f9f9f9\"data-style=\"\">\n\t\t\t\t\t\t\n\t\t\t\t\t\t<span data-hover=\"www.elbilia-management.ma\" style=\"color:#ffffff;;;\" class=\"ult_btn10_span   \">www.elbilia-management.ma<\/span>\n\t\t\t\t\t\t\n\t\t\t\t\t<\/a>\n\t\t\t\t<\/span>\n\t\t\t<\/span>[\/vc_column_inner][vc_column_inner width=&#8221;1\/2&#8243;]<div class=\" vc_custom_1772622319078 ubtn-ctn-right \"><a class=\"ubtn-link ult-adjust-bottom-margin ubtn-right ubtn-small \" href=\"https:\/\/www.edc.ma\/fr\/contact\/\" title=\"Contact\" ><button type=\"button\" id=\"ubtn-5809\"  class=\"ubtn ult-adjust-bottom-margin ult-responsive ubtn-small ubtn-fade-bg  none  ubtn-right   tooltip-69fb4e5678c59\"  data-hover=\"\" data-border-color=\"\" data-bg=\"#b78900\" data-hover-bg=\"#b79c00\" data-border-hover=\"\" data-shadow-hover=\"\" data-shadow-click=\"none\" data-shadow=\"\" data-shd-shadow=\"\"  data-ultimate-target='#ubtn-5809'  data-responsive-json-new='{\"font-size\":\"desktop:16px;\",\"line-height\":\"\"}'  style=\"font-weight:bold;border:none;background: #b78900;color: #ffffff;\"><span class=\"ubtn-hover\" style=\"background-color:#b79c00\"><\/span><span class=\"ubtn-data ubtn-text \" >Contact<\/span><\/button><\/a><\/div>[\/vc_column_inner][\/vc_row_inner][\/vc_column][\/vc_row][\/vc_section][vc_row][vc_column css=&#8221;.vc_custom_1747306366335{margin-top: 25px !important;}&#8221;][vc_images_carousel images=&#8221;873,904,908&#8243; img_size=&#8221;full&#8221; speed=&#8221;3000&#8243; slides_per_view=&#8221;3&#8243; autoplay=&#8221;yes&#8221; hide_pagination_control=&#8221;yes&#8221; partial_view=&#8221;yes&#8221; wrap=&#8221;yes&#8221; css=&#8221;&#8221; el_class=&#8221;image-slider&#8221;][\/vc_column][\/vc_row]<\/p>\n<\/div>","protected":false},"excerpt":{"rendered":"<p>[vc_row][vc_column css=&#8221;.vc_custom_1747307722652{margin-top: 50px !important;margin-bottom: 50px !important;padding-top: 15px !important;padding-bottom: 15px !important;}&#8221;][vc_custom_heading source=&#8221;post_title&#8221; font_container=&#8221;tag:h3|text_align:center&#8221; use_theme_fonts=&#8221;yes&#8221; el_class=&#8221;wow fadeInUp&#8221;][\/vc_column][\/vc_row][vc_section full_width=&#8221;stretch_row&#8221; css=&#8221;.vc_custom_1747323192182{background-image: url(https:\/\/www.edc.ma\/wp-content\/uploads\/2025\/05\/bgBoxSkolar.jpg?id=2053) !important;background-position: center !important;background-repeat: no-repeat !important;background-size: cover !important;}&#8221; el_class=&#8221;bg-fixed&#8221;][vc_row][vc_column][vc_row_inner el_class=&#8221;bannerReseau&#8221;][vc_column_inner][vc_empty_space height=&#8221;50px&#8221;][vc_single_image image=&#8221;2051&#8243; img_size=&#8221;medium&#8221; alignment=&#8221;center&#8221; css_animation=&#8221;fadeIn&#8221; css=&#8221;&#8221; el_class=&#8221;logoReseau&#8221;][vc_empty_space height=&#8221;50px&#8221;][\/vc_column_inner][\/vc_row_inner][\/vc_column][\/vc_row][vc_row full_width=&#8221;stretch_row&#8221; el_class=&#8221;content-wrapper&#8221; css=&#8221;.vc_custom_1747303047877{background-color: rgba(10,84,169,0.75) !important;*background-color: rgb(10,84,169) !important;}&#8221;][vc_column][vc_row_inner][vc_column_inner][vc_column_text css=&#8221;.vc_custom_1772622630462{margin-bottom: 0px !important;}&#8221; el_class=&#8221;text-white&#8221;] Elbilia Skolar Fort de son expertise au service de <\/p>\n<p><a class=\"btn btn-secondary understrap-read-more-link\" href=\"https:\/\/www.edc.ma\/fr\/reseau-bilingue\/\">En savoir plus<span class=\"screen-reader-text\"> from R\u00e9seau Bilingue<\/span><\/a><\/p>\n","protected":false},"author":3,"featured_media":0,"parent":0,"menu_order":0,"comment_status":"closed","ping_status":"closed","template":"page-reseaux.php","meta":{"_acf_changed":false,"footnotes":""},"class_list":["post-1443","page","type-page","status-publish","hentry"],"acf":[],"aioseo_notices":[],"jetpack_sharing_enabled":true,"_links":{"self":[{"href":"https:\/\/www.edc.ma\/fr\/wp-json\/wp\/v2\/pages\/1443","targetHints":{"allow":["GET"]}}],"collection":[{"href":"https:\/\/www.edc.ma\/fr\/wp-json\/wp\/v2\/pages"}],"about":[{"href":"https:\/\/www.edc.ma\/fr\/wp-json\/wp\/v2\/types\/page"}],"author":[{"embeddable":true,"href":"https:\/\/www.edc.ma\/fr\/wp-json\/wp\/v2\/users\/3"}],"replies":[{"embeddable":true,"href":"https:\/\/www.edc.ma\/fr\/wp-json\/wp\/v2\/comments?post=1443"}],"version-history":[{"count":3,"href":"https:\/\/www.edc.ma\/fr\/wp-json\/wp\/v2\/pages\/1443\/revisions"}],"predecessor-version":[{"id":2359,"href":"https:\/\/www.edc.ma\/fr\/wp-json\/wp\/v2\/pages\/1443\/revisions\/2359"}],"wp:attachment":[{"href":"https:\/\/www.edc.ma\/fr\/wp-json\/wp\/v2\/media?parent=1443"}],"curies":[{"name":"wp","href":"https:\/\/api.w.org\/{rel}","templated":true}]}}