{"id":1449,"date":"2024-10-01T18:22:47","date_gmt":"2024-10-01T17:22:47","guid":{"rendered":"https:\/\/dev.edc.ma\/?page_id=1449"},"modified":"2026-03-04T12:12:30","modified_gmt":"2026-03-04T11:12:30","slug":"enseignement-superieur","status":"publish","type":"page","link":"https:\/\/www.edc.ma\/fr\/enseignement-superieur\/","title":{"rendered":"Enseignement sup\u00e9rieur"},"content":{"rendered":"<div class=\"wpb-content-wrapper\"><p>[vc_row][vc_column css=&#8221;.vc_custom_1747307722652{margin-top: 50px !important;margin-bottom: 50px !important;padding-top: 15px !important;padding-bottom: 15px !important;}&#8221;][vc_custom_heading source=&#8221;post_title&#8221; font_container=&#8221;tag:h3|text_align:center&#8221; use_theme_fonts=&#8221;yes&#8221; el_class=&#8221;wow fadeInUp&#8221;][\/vc_column][\/vc_row][vc_section full_width=&#8221;stretch_row&#8221; css=&#8221;.vc_custom_1747323698125{background-image: url(https:\/\/www.edc.ma\/wp-content\/uploads\/2024\/09\/local-esme.jpg?id=1819) !important;background-position: center !important;background-repeat: no-repeat !important;background-size: cover !important;}&#8221; el_class=&#8221;bg-fixed&#8221;][vc_row][vc_column][vc_row_inner el_class=&#8221;bannerReseau&#8221;][vc_column_inner][vc_empty_space height=&#8221;50px&#8221;][vc_single_image image=&#8221;1818&#8243; img_size=&#8221;250&#8243; alignment=&#8221;center&#8221; css_animation=&#8221;fadeIn&#8221; css=&#8221;&#8221; el_class=&#8221;logoReseau&#8221;][vc_empty_space height=&#8221;50px&#8221;][\/vc_column_inner][\/vc_row_inner][\/vc_column][\/vc_row][vc_row full_width=&#8221;stretch_row&#8221; el_class=&#8221;content-wrapper&#8221; css=&#8221;.vc_custom_1747303047877{background-color: rgba(10,84,169,0.75) !important;*background-color: rgb(10,84,169) !important;}&#8221;][vc_column][vc_row_inner][vc_column_inner][vc_column_text css=&#8221;.vc_custom_1747324127585{margin-bottom: 0px !important;}&#8221; el_class=&#8221;text-white&#8221;]<\/p>\n<h5>ESME<\/h5>\n<p>Dans un contexte de raret\u00e9 d\u2019enseignants et des directeurs p\u00e9dagogiques, le Groupe EDC a cr\u00e9\u00e9 une \u00e9cole de formation des m\u00e9tiers de l\u2019enseignement (ESME). Elle se consacre \u00e0 la formation des enseignants et des directeurs p\u00e9dagogiques afin de r\u00e9pondre aux besoins urgents du secteur \u00e9ducatif.<\/p>\n<p>\u00c0 l\u2019\u00c9cole Sup\u00e9rieure des M\u00e9tiers de l\u2019Enseignement, notre ambition est de transformer positivement le syst\u00e8me \u00e9ducatif marocain priv\u00e9 en formant des professionnels qualifi\u00e9s et passionn\u00e9s, capables de faire face aux d\u00e9fis actuels et futurs, tout en offrant une \u00e9ducation de qualit\u00e9 \u00e0 tous les \u00e9l\u00e8ves.[\/vc_column_text][\/vc_column_inner][\/vc_row_inner][vc_row_inner content_placement=&#8221;middle&#8221;][vc_column_inner width=&#8221;1\/2&#8243;]<span id=\"creative-link-wrap-4128\" class=\"ult_main_cl ult-adjust-bottom-margin  \" >\n\t \t\t\t<span class=\"  ult_crlink\" >\n\t\t\t\t\t<a  data-ultimate-target='#creative-link-wrap-4128 .ult_colorlink'  data-responsive-json-new='{\"font-size\":\"\",\"line-height\":\"\"}'  href=\"http:\/\/www.esme.ma\" target=\"_blank\" rel=\"noopener\"  class=\"ult_colorlink ult-responsive \" style=\"float:left;font-weight:bold; \"  data-textcolor=\"#ffffff\" data-texthover=\"#f9f9f9\"data-style=\"\">\n\t\t\t\t\t\t\n\t\t\t\t\t\t<span data-hover=\"www.esme.ma\" style=\"color:#ffffff;;;\" class=\"ult_btn10_span   \">www.esme.ma<\/span>\n\t\t\t\t\t\t\n\t\t\t\t\t<\/a>\n\t\t\t\t<\/span>\n\t\t\t<\/span>[\/vc_column_inner][vc_column_inner width=&#8221;1\/2&#8243;]<div class=\" vc_custom_1772622742792 ubtn-ctn-right \"><a class=\"ubtn-link ult-adjust-bottom-margin ubtn-right ubtn-small \" href=\"https:\/\/esme.ma\/#contact\" title=\"Contact\" target=\"_blank\" rel=\"noopener\" ><button type=\"button\" id=\"ubtn-7958\"  class=\"ubtn ult-adjust-bottom-margin ult-responsive ubtn-small ubtn-fade-bg  none  ubtn-right   tooltip-69fb4e22a99b1\"  data-hover=\"\" data-border-color=\"\" data-bg=\"#b78900\" data-hover-bg=\"#b79c00\" data-border-hover=\"\" data-shadow-hover=\"\" data-shadow-click=\"none\" data-shadow=\"\" data-shd-shadow=\"\"  data-ultimate-target='#ubtn-7958'  data-responsive-json-new='{\"font-size\":\"desktop:16px;\",\"line-height\":\"\"}'  style=\"font-weight:bold;border:none;background: #b78900;color: #ffffff;\"><span class=\"ubtn-hover\" style=\"background-color:#b79c00\"><\/span><span class=\"ubtn-data ubtn-text \" >Contact<\/span><\/button><\/a><\/div>[\/vc_column_inner][\/vc_row_inner][\/vc_column][\/vc_row][\/vc_section][vc_section full_width=&#8221;stretch_row&#8221; css=&#8221;.vc_custom_1747323724262{background-image: url(https:\/\/www.edc.ma\/wp-content\/uploads\/2025\/05\/bgBoxSup.jpg?id=2044) !important;background-position: center !important;background-repeat: no-repeat !important;background-size: cover !important;}&#8221; el_class=&#8221;bg-fixed&#8221;][vc_row][vc_column][vc_row_inner el_class=&#8221;bannerReseau&#8221;][vc_column_inner][vc_empty_space height=&#8221;50px&#8221;][vc_single_image image=&#8221;1844&#8243; img_size=&#8221;250&#8243; alignment=&#8221;center&#8221; css_animation=&#8221;fadeIn&#8221; css=&#8221;&#8221; el_class=&#8221;logoReseau&#8221;][vc_empty_space height=&#8221;50px&#8221;][\/vc_column_inner][\/vc_row_inner][\/vc_column][\/vc_row][vc_row full_width=&#8221;stretch_row&#8221; el_class=&#8221;content-wrapper&#8221; css=&#8221;.vc_custom_1747303047877{background-color: rgba(10,84,169,0.75) !important;*background-color: rgb(10,84,169) !important;}&#8221;][vc_column][vc_row_inner][vc_column_inner][vc_column_text css=&#8221;.vc_custom_1747323875055{margin-bottom: 0px !important;}&#8221; el_class=&#8221;text-white&#8221;]<\/p>\n<h5>Classes Pr\u00e9paratoires aux Grandes Ecoles (\u00ab CPGE \u00bb)<\/h5>\n<p>Fond\u00e9 en 2000, l\u2019\u00e9tablissement accueille ses \u00e9tudiants au sein de son cursus de Classes Pr\u00e9paratoires aux Grandes \u00c9coles marocaines ou fran\u00e7aises, d\u2019ing\u00e9nierie ou de commerce.<\/p>\n<p><strong>Un parcours d\u2019excellence<\/strong><\/p>\n<p>Ses candidats brillent par leur int\u00e9gration des \u00e9coles les plus prestigieuses en France et au Maroc. Ils confirment leur excellence en \u00e9tant admis aux\u00a0:<\/p>\n<ul>\n<li>Prestigieuses \u00e9coles de commerce fran\u00e7aise\u00a0: HEC Paris, ESSEC, ESCP Europe<\/li>\n<li>Ainsi qu\u2019aux \u00e9coles d\u2019ing\u00e9nieur de renom\u00a0: Centrale, Mines-Ponts, Arts-M\u00e9tiers<\/li>\n<\/ul>\n<p>Les r\u00e9sultats remarquables obtenus ont permis \u00e0 la Pr\u00e9pa Elbilia International d\u2019int\u00e9grer les classements des meilleures classes pr\u00e9paratoires au Maroc et en France<\/p>\n<p><strong>Un jalon atteint dans notre qu\u00eate d\u2019excellence<\/strong><\/p>\n<p>L\u2019\u00e9t\u00e9 2020, la Pr\u00e9pa Elbilia International s\u2019est distingu\u00e9e avec deux de ses \u00e9tudiants admissibles au prestigieux concours de l\u2019Ecole Polytechnique \u00ab X \u00bb, une premi\u00e8re pour un \u00e9tablissement d\u2019enseignement sup\u00e9rieur priv\u00e9 \u00e0 Casablanca, pla\u00e7ant la CPGE au sein du peloton de t\u00eate des classes pr\u00e9paratoires nationales et d\u00e9montrant une nouvelle fois la qualit\u00e9 du corps professoral et administratif.<\/p>\n<p><strong>La Pr\u00e9pa Elbilia International, reflet de l\u2019engagement d\u2019EDC pour l\u2019excellence<\/strong><\/p>\n<p>EDC nourrit de fortes ambitions pour ce cursus de classes pr\u00e9paratoires, consid\u00e9r\u00e9 comme le continuum naturel de l\u2019excellence acad\u00e9mique de ses lyc\u00e9es trilingues et homologu\u00e9s. Le Groupe nourrit de grandes ambitions pour ses classes pr\u00e9paratoires, qu\u2019il entend renforcer afin de donner aux \u00e9l\u00e8ves les plus brillants du Maroc toutes les cl\u00e9s pour int\u00e9grer les grandes \u00e9coles et se distinguer dans les concours acad\u00e9miques nationaux et internationaux.<\/p>\n<p>[\/vc_column_text][\/vc_column_inner][\/vc_row_inner][vc_row_inner content_placement=&#8221;middle&#8221;][vc_column_inner width=&#8221;1\/2&#8243;][\/vc_column_inner][vc_column_inner width=&#8221;1\/2&#8243;]<div class=\" vc_custom_1772622700779 ubtn-ctn-right \"><a class=\"ubtn-link ult-adjust-bottom-margin ubtn-right ubtn-small \" href=\"https:\/\/prepa.elbilia.ma\/\" title=\"Contact\" target=\"_blank\" rel=\"noopener\" ><button type=\"button\" id=\"ubtn-8466\"  class=\"ubtn ult-adjust-bottom-margin ult-responsive ubtn-small ubtn-fade-bg  none  ubtn-right   tooltip-69fb4e22a9a61\"  data-hover=\"\" data-border-color=\"\" data-bg=\"#b78900\" data-hover-bg=\"#b79c00\" data-border-hover=\"\" data-shadow-hover=\"\" data-shadow-click=\"none\" data-shadow=\"\" data-shd-shadow=\"\"  data-ultimate-target='#ubtn-8466'  data-responsive-json-new='{\"font-size\":\"desktop:16px;\",\"line-height\":\"\"}'  style=\"font-weight:bold;border:none;background: #b78900;color: #ffffff;\"><span class=\"ubtn-hover\" style=\"background-color:#b79c00\"><\/span><span class=\"ubtn-data ubtn-text \" >Contact<\/span><\/button><\/a><\/div>[\/vc_column_inner][\/vc_row_inner][\/vc_column][\/vc_row][\/vc_section]<\/p>\n<\/div>","protected":false},"excerpt":{"rendered":"<p>[vc_row][vc_column css=&#8221;.vc_custom_1747307722652{margin-top: 50px !important;margin-bottom: 50px !important;padding-top: 15px !important;padding-bottom: 15px !important;}&#8221;][vc_custom_heading source=&#8221;post_title&#8221; font_container=&#8221;tag:h3|text_align:center&#8221; use_theme_fonts=&#8221;yes&#8221; el_class=&#8221;wow fadeInUp&#8221;][\/vc_column][\/vc_row][vc_section full_width=&#8221;stretch_row&#8221; css=&#8221;.vc_custom_1747323698125{background-image: url(https:\/\/www.edc.ma\/wp-content\/uploads\/2024\/09\/local-esme.jpg?id=1819) !important;background-position: center !important;background-repeat: no-repeat !important;background-size: cover !important;}&#8221; el_class=&#8221;bg-fixed&#8221;][vc_row][vc_column][vc_row_inner el_class=&#8221;bannerReseau&#8221;][vc_column_inner][vc_empty_space height=&#8221;50px&#8221;][vc_single_image image=&#8221;1818&#8243; img_size=&#8221;250&#8243; alignment=&#8221;center&#8221; css_animation=&#8221;fadeIn&#8221; css=&#8221;&#8221; el_class=&#8221;logoReseau&#8221;][vc_empty_space height=&#8221;50px&#8221;][\/vc_column_inner][\/vc_row_inner][\/vc_column][\/vc_row][vc_row full_width=&#8221;stretch_row&#8221; el_class=&#8221;content-wrapper&#8221; css=&#8221;.vc_custom_1747303047877{background-color: rgba(10,84,169,0.75) !important;*background-color: rgb(10,84,169) !important;}&#8221;][vc_column][vc_row_inner][vc_column_inner][vc_column_text css=&#8221;.vc_custom_1747324127585{margin-bottom: 0px !important;}&#8221; el_class=&#8221;text-white&#8221;] ESME Dans un contexte de raret\u00e9 d\u2019enseignants et des <\/p>\n<p><a class=\"btn btn-secondary understrap-read-more-link\" href=\"https:\/\/www.edc.ma\/fr\/enseignement-superieur\/\">En savoir plus<span class=\"screen-reader-text\"> from Enseignement sup\u00e9rieur<\/span><\/a><\/p>\n","protected":false},"author":3,"featured_media":0,"parent":0,"menu_order":0,"comment_status":"closed","ping_status":"closed","template":"page-reseaux.php","meta":{"_acf_changed":false,"footnotes":""},"class_list":["post-1449","page","type-page","status-publish","hentry"],"acf":[],"aioseo_notices":[],"jetpack_sharing_enabled":true,"_links":{"self":[{"href":"https:\/\/www.edc.ma\/fr\/wp-json\/wp\/v2\/pages\/1449","targetHints":{"allow":["GET"]}}],"collection":[{"href":"https:\/\/www.edc.ma\/fr\/wp-json\/wp\/v2\/pages"}],"about":[{"href":"https:\/\/www.edc.ma\/fr\/wp-json\/wp\/v2\/types\/page"}],"author":[{"embeddable":true,"href":"https:\/\/www.edc.ma\/fr\/wp-json\/wp\/v2\/users\/3"}],"replies":[{"embeddable":true,"href":"https:\/\/www.edc.ma\/fr\/wp-json\/wp\/v2\/comments?post=1449"}],"version-history":[{"count":2,"href":"https:\/\/www.edc.ma\/fr\/wp-json\/wp\/v2\/pages\/1449\/revisions"}],"predecessor-version":[{"id":2361,"href":"https:\/\/www.edc.ma\/fr\/wp-json\/wp\/v2\/pages\/1449\/revisions\/2361"}],"wp:attachment":[{"href":"https:\/\/www.edc.ma\/fr\/wp-json\/wp\/v2\/media?parent=1449"}],"curies":[{"name":"wp","href":"https:\/\/api.w.org\/{rel}","templated":true}]}}