{"id":67,"date":"2021-12-16T00:14:39","date_gmt":"2021-12-16T00:14:39","guid":{"rendered":"http:\/\/127.0.0.1\/wordpress\/?page_id=67"},"modified":"2025-06-04T17:44:54","modified_gmt":"2025-06-04T16:44:54","slug":"nos-reseaux","status":"publish","type":"page","link":"https:\/\/www.edc.ma\/fr\/nos-reseaux\/","title":{"rendered":"Nos r\u00e9seaux"},"content":{"rendered":"<div class=\"wpb-content-wrapper\"><p>[vc_row full_width=&#8221;stretch_row_content_no_spaces&#8221; equal_height=&#8221;yes&#8221; el_id=&#8221;network&#8221;][vc_column][vc_row_inner][vc_column_inner][vc_empty_space height=&#8221;50px&#8221;][vc_custom_heading text=&#8221;Nos r\u00e9seaux&#8221; font_container=&#8221;tag:h3|text_align:center&#8221; use_theme_fonts=&#8221;yes&#8221; el_class=&#8221;wow fadeInUp&#8221;][vc_empty_space height=&#8221;50px&#8221;][\/vc_column_inner][\/vc_row_inner][vc_row_inner][vc_column_inner width=&#8221;1\/3&#8243; css=&#8221;.vc_custom_1747238482935{padding: 15px !important;}&#8221;]  <div class=\"wow fadeInUp\" data-wow-delay=\".4s\">\n    <div class=\"animatedBoxReseaux\" style=\"background-image: url(https:\/\/www.edc.ma\/wp-content\/uploads\/2025\/05\/bgBoxAefe.jpg);\">\n      <div class=\"contentAnimatedBox\">\n                  <img data-recalc-dims=\"1\" decoding=\"async\" src=\"https:\/\/i0.wp.com\/www.edc.ma\/wp-content\/uploads\/2025\/05\/logo-lfla-1.png?w=640&#038;ssl=1\" class=\"logoBox\" alt=\"Logo\">\n                <div class=\"contentBox\">\n          <\/p>\n<p style=\"text-align: center\">Curriculum fran\u00e7ais homologu\u00e9 par l\u2019AEFE<br \/>Villes : Casablanca et Rabat<br \/>Cycles : Maternelle, El\u00e9mentaire, Coll\u00e8ge &amp; Lyc\u00e9e<\/p>\n<p>\n        <\/div>\n                  <div>\n            <a href=\"https:\/\/www.edc.ma\/fr\/reseau-aefe\/\"\n              title=\"R\u00e9seau AEFE\"\n              target=\"\"\n              class=\"btn btn-outline-primary\">\n              En savoir plus            <\/a>\n          <\/div>\n              <\/div>\n    <\/div>\n  <\/div>\n[\/vc_column_inner][vc_column_inner width=&#8221;1\/3&#8243; css=&#8221;.vc_custom_1747238492910{padding: 15px !important;}&#8221;]  <div class=\"wow fadeInUp\" data-wow-delay=\".4s\">\n    <div class=\"animatedBoxReseaux\" style=\"background-image: url(https:\/\/www.edc.ma\/wp-content\/uploads\/2025\/05\/elbilia-international-facade.jpg);\">\n      <div class=\"contentAnimatedBox\">\n                  <img data-recalc-dims=\"1\" decoding=\"async\" src=\"https:\/\/i0.wp.com\/www.edc.ma\/wp-content\/uploads\/2025\/05\/logo-elbilia-international-logo.png?w=640&#038;ssl=1\" class=\"logoBox\" alt=\"Logo\">\n                <div class=\"contentBox\">\n          <\/p>\n<p style=\"text-align: center\">Curriculum Marocain Trilingue<br \/>Villes : Casablanca (Bourgogne, Bouskoura, Domaines D\u2019anfa), Marrakech et Rabat<br \/>Cycles : Cr\u00e8che, Maternelle, Primaire, Coll\u00e8ge &amp; Lyc\u00e9e<\/p>\n<p>\n        <\/div>\n                  <div>\n            <a href=\"https:\/\/www.edc.ma\/fr\/reseau-trilingue\/\"\n              title=\"R\u00e9seau Trilingue\"\n              target=\"\"\n              class=\"btn btn-outline-primary\">\n              En savoir plus            <\/a>\n          <\/div>\n              <\/div>\n    <\/div>\n  <\/div>\n[\/vc_column_inner][vc_column_inner width=&#8221;1\/3&#8243; css=&#8221;.vc_custom_1747238542095{padding: 15px !important;}&#8221;]  <div class=\"wow fadeInUp\" data-wow-delay=\".4s\">\n    <div class=\"animatedBoxReseaux\" style=\"background-image: url(https:\/\/www.edc.ma\/wp-content\/uploads\/2024\/09\/das-slide-1-e1727704551459.jpg);\">\n      <div class=\"contentAnimatedBox\">\n                  <img data-recalc-dims=\"1\" decoding=\"async\" src=\"https:\/\/i0.wp.com\/www.edc.ma\/wp-content\/uploads\/2025\/05\/logo-dar-essalam.png?w=640&#038;ssl=1\" class=\"logoBox\" alt=\"Logo\">\n                <div class=\"contentBox\">\n          <\/p>\n<p style=\"text-align: center\">Curriculum Am\u00e9ricain<br \/>Villes : Rabat<br \/>Cycles : Maternelle, El\u00e9mentaire, Coll\u00e8ge &amp; Lyc\u00e9e<\/p>\n<p>\n        <\/div>\n                  <div>\n            <a href=\"https:\/\/www.edc.ma\/fr\/reseau-americain\/\"\n              title=\"R\u00e9seau Am\u00e9ricain\"\n              target=\"\"\n              class=\"btn btn-outline-primary\">\n              En savoir plus            <\/a>\n          <\/div>\n              <\/div>\n    <\/div>\n  <\/div>\n[\/vc_column_inner][vc_column_inner width=&#8221;1\/3&#8243; css=&#8221;.vc_custom_1747238568645{padding: 15px !important;}&#8221;]  <div class=\"wow fadeInUp\" data-wow-delay=\".4s\">\n    <div class=\"animatedBoxReseaux\" style=\"background-image: url(https:\/\/www.edc.ma\/wp-content\/uploads\/2025\/05\/bgBoxSkolar.jpg);\">\n      <div class=\"contentAnimatedBox\">\n                  <img data-recalc-dims=\"1\" decoding=\"async\" src=\"https:\/\/i0.wp.com\/www.edc.ma\/wp-content\/uploads\/2025\/05\/bilingue-marocain.png?w=640&#038;ssl=1\" class=\"logoBox\" alt=\"Logo\">\n                <div class=\"contentBox\">\n          <\/p>\n<p style=\"text-align: center\">Curriculum Marocain Bilingue<br \/>Villes : Casablanca (Lissasfa, Bernoussi), Tanger, El Jadida, Youssoufia, Khouribga et Safi<br \/>Cycles : Pr\u00e9scolaire, Primaire, Coll\u00e8ge et Lyc\u00e9e<\/p>\n<p>\n        <\/div>\n                  <div>\n            <a href=\"https:\/\/www.edc.ma\/fr\/reseau-bilingue\/\"\n              title=\"R\u00e9seau Bilingue\"\n              target=\"\"\n              class=\"btn btn-outline-primary\">\n              En savoir plus            <\/a>\n          <\/div>\n              <\/div>\n    <\/div>\n  <\/div>\n[\/vc_column_inner][vc_column_inner width=&#8221;1\/3&#8243; css=&#8221;.vc_custom_1747238553694{padding: 15px !important;}&#8221;]  <div class=\"wow fadeInUp\" data-wow-delay=\".4s\">\n    <div class=\"animatedBoxReseaux\" style=\"background-image: url(https:\/\/www.edc.ma\/wp-content\/uploads\/2025\/05\/esme.webp);\">\n      <div class=\"contentAnimatedBox\">\n                  <img data-recalc-dims=\"1\" decoding=\"async\" src=\"https:\/\/i0.wp.com\/www.edc.ma\/wp-content\/uploads\/2025\/05\/logo-e-sup.png?w=640&#038;ssl=1\" class=\"logoBox\" alt=\"Logo\">\n                <div class=\"contentBox\">\n          <\/p>\n<p style=\"text-align: center\">\u00c9cole Sup\u00e9rieure des M\u00e9tiers de l\u2019Enseignement et Classes pr\u00e9paratoires aux Grandes Ecoles<br \/>Villes : Casablanca<br \/>Cycles : Sup\u00e9rieurs<\/p>\n<p>\n        <\/div>\n                  <div>\n            <a href=\"https:\/\/www.edc.ma\/fr\/enseignement-superieur\/\"\n              title=\"Enseignement sup\u00e9rieur\"\n              target=\"\"\n              class=\"btn btn-outline-primary\">\n              En savoir plus            <\/a>\n          <\/div>\n              <\/div>\n    <\/div>\n  <\/div>\n[\/vc_column_inner][vc_column_inner width=&#8221;1\/3&#8243; css=&#8221;.vc_custom_1747238560515{padding: 15px !important;}&#8221;]  <div class=\"wow fadeInUp\" data-wow-delay=\".4s\">\n    <div class=\"animatedBoxReseaux\" style=\"background-image: url(https:\/\/www.edc.ma\/wp-content\/uploads\/2025\/05\/bgBoxSup.jpg);\">\n      <div class=\"contentAnimatedBox\">\n                  <img data-recalc-dims=\"1\" decoding=\"async\" src=\"https:\/\/i0.wp.com\/www.edc.ma\/wp-content\/uploads\/2025\/05\/tutorat.png?w=640&#038;ssl=1\" class=\"logoBox\" alt=\"Logo\">\n                <div class=\"contentBox\">\n          <\/p>\n<p style=\"text-align: center\">Cours du soir, cours d\u2019\u00e9t\u00e9, pr\u00e9paration aux concours post-bac et centre de langue Elbilia Language Link<br \/>Villes : Casablanca<br \/>Cycles : Primaire, secondaire et sup\u00e9rieur<\/p>\n<p>\n        <\/div>\n                  <div>\n            <a href=\"https:\/\/www.edc.ma\/fr\/tutorat-et-cours-du-soir\/\"\n              title=\"Tutorat et cours du soir\"\n              target=\"\"\n              class=\"btn btn-outline-primary\">\n              En savoir plus            <\/a>\n          <\/div>\n              <\/div>\n    <\/div>\n  <\/div>\n[\/vc_column_inner][\/vc_row_inner][\/vc_column][\/vc_row]<\/p>\n<\/div>","protected":false},"excerpt":{"rendered":"<p>[vc_row full_width=&#8221;stretch_row_content_no_spaces&#8221; equal_height=&#8221;yes&#8221; el_id=&#8221;network&#8221;][vc_column][vc_row_inner][vc_column_inner][vc_empty_space height=&#8221;50px&#8221;][vc_custom_heading text=&#8221;Nos r\u00e9seaux&#8221; font_container=&#8221;tag:h3|text_align:center&#8221; use_theme_fonts=&#8221;yes&#8221; el_class=&#8221;wow fadeInUp&#8221;][vc_empty_space height=&#8221;50px&#8221;][\/vc_column_inner][\/vc_row_inner][vc_row_inner][vc_column_inner width=&#8221;1\/3&#8243; css=&#8221;.vc_custom_1747238482935{padding: 15px !important;}&#8221;][\/vc_column_inner][vc_column_inner width=&#8221;1\/3&#8243; css=&#8221;.vc_custom_1747238492910{padding: 15px !important;}&#8221;][\/vc_column_inner][vc_column_inner width=&#8221;1\/3&#8243; css=&#8221;.vc_custom_1747238542095{padding: 15px !important;}&#8221;][\/vc_column_inner][vc_column_inner width=&#8221;1\/3&#8243; css=&#8221;.vc_custom_1747238568645{padding: 15px !important;}&#8221;][\/vc_column_inner][vc_column_inner width=&#8221;1\/3&#8243; css=&#8221;.vc_custom_1747238553694{padding: 15px !important;}&#8221;][\/vc_column_inner][vc_column_inner width=&#8221;1\/3&#8243; css=&#8221;.vc_custom_1747238560515{padding: 15px !important;}&#8221;][\/vc_column_inner][\/vc_row_inner][\/vc_column][\/vc_row] <\/p>\n<p><a class=\"btn btn-secondary understrap-read-more-link\" href=\"https:\/\/www.edc.ma\/fr\/nos-reseaux\/\">En savoir plus<span class=\"screen-reader-text\"> from Nos r\u00e9seaux<\/span><\/a><\/p>\n","protected":false},"author":3,"featured_media":0,"parent":0,"menu_order":0,"comment_status":"closed","ping_status":"closed","template":"","meta":{"_acf_changed":false,"footnotes":""},"class_list":["post-67","page","type-page","status-publish","hentry"],"acf":[],"aioseo_notices":[],"jetpack_sharing_enabled":true,"_links":{"self":[{"href":"https:\/\/www.edc.ma\/fr\/wp-json\/wp\/v2\/pages\/67","targetHints":{"allow":["GET"]}}],"collection":[{"href":"https:\/\/www.edc.ma\/fr\/wp-json\/wp\/v2\/pages"}],"about":[{"href":"https:\/\/www.edc.ma\/fr\/wp-json\/wp\/v2\/types\/page"}],"author":[{"embeddable":true,"href":"https:\/\/www.edc.ma\/fr\/wp-json\/wp\/v2\/users\/3"}],"replies":[{"embeddable":true,"href":"https:\/\/www.edc.ma\/fr\/wp-json\/wp\/v2\/comments?post=67"}],"version-history":[{"count":0,"href":"https:\/\/www.edc.ma\/fr\/wp-json\/wp\/v2\/pages\/67\/revisions"}],"wp:attachment":[{"href":"https:\/\/www.edc.ma\/fr\/wp-json\/wp\/v2\/media?parent=67"}],"curies":[{"name":"wp","href":"https:\/\/api.w.org\/{rel}","templated":true}]}}